{"id":2388,"date":"2021-06-02T10:38:23","date_gmt":"2021-06-02T10:38:23","guid":{"rendered":"http:\/\/novaweb.estrangeria-advocats.com\/equipo\/"},"modified":"2021-09-02T13:51:40","modified_gmt":"2021-09-02T13:51:40","slug":"equipo","status":"publish","type":"page","link":"https:\/\/estrangeria-advocats.com\/es\/equipo\/","title":{"rendered":"Equipo"},"content":{"rendered":"\t\t<div data-elementor-type=\"wp-page\" data-elementor-id=\"2388\" class=\"elementor elementor-2388 elementor-26\" data-elementor-post-type=\"page\">\n\t\t\t\t\t\t<section class=\"elementor-section elementor-top-section elementor-element elementor-element-32b9f62a elementor-section-full_width elementor-section-height-min-height elementor-section-items-stretch elementor-section-content-middle elementor-reverse-mobile elementor-reverse-tablet elementor-section-height-default\" data-id=\"32b9f62a\" data-element_type=\"section\">\n\t\t\t\t\t\t<div class=\"elementor-container elementor-column-gap-no\">\n\t\t\t\t\t<div class=\"elementor-column elementor-col-50 elementor-top-column elementor-element elementor-element-5e15da25\" data-id=\"5e15da25\" data-element_type=\"column\">\n\t\t\t<div class=\"elementor-widget-wrap elementor-element-populated\">\n\t\t\t\t\t\t<div class=\"elementor-element elementor-element-10e2e548 animated-fast elementor-invisible elementor-widget elementor-widget-heading\" data-id=\"10e2e548\" data-element_type=\"widget\" data-settings=\"{&quot;_animation&quot;:&quot;fadeIn&quot;}\" data-widget_type=\"heading.default\">\n\t\t\t\t<div class=\"elementor-widget-container\">\n\t\t\t\t\t<h1 class=\"elementor-heading-title elementor-size-default\">Maria Rieradevall <\/br>y Tarr\u00e9s <\/h1>\t\t\t\t<\/div>\n\t\t\t\t<\/div>\n\t\t\t\t<div class=\"elementor-element elementor-element-1181f8ea elementor-invisible elementor-widget elementor-widget-heading\" data-id=\"1181f8ea\" data-element_type=\"widget\" data-settings=\"{&quot;_animation&quot;:&quot;fadeIn&quot;}\" data-widget_type=\"heading.default\">\n\t\t\t\t<div class=\"elementor-widget-container\">\n\t\t\t\t\t<h2 class=\"elementor-heading-title elementor-size-default\">Abogada Col. N\u00fam. 2.058 I.C.A.G. <\/br> Abogada fundadora.<\/h2>\t\t\t\t<\/div>\n\t\t\t\t<\/div>\n\t\t\t\t<div class=\"elementor-element elementor-element-46b8faec elementor-invisible elementor-widget elementor-widget-text-editor\" data-id=\"46b8faec\" data-element_type=\"widget\" data-settings=\"{&quot;_animation&quot;:&quot;fadeIn&quot;}\" data-widget_type=\"text-editor.default\">\n\t\t\t\t<div class=\"elementor-widget-container\">\n\t\t\t\t\t\t\t\t\t<p><span style=\"font-weight: 400;\">D\u00f1a. Maria Rieradevall y Tarr\u00e9s, Abogada Colegiada n\u00fam. 2058 en el Ilustre Colegio de Abogados de Girona (I.C.A.G.) desde julio del 1.997, es la fundadora del bufete. Licenciada en Derecho por la Facultad de Ciencias Jur\u00eddico-Econ\u00f3micas de la Universitat de Girona, fue coordinadora y profesora de DERECHO DE EXTRANJER\u00cdA de la Escuela de Pr\u00e1ctica Jur\u00eddica del I.C.A.G. desde el a\u00f1o 2.000 hasta el a\u00f1o 2.011. <\/span><\/p>\n<p><span style=\"font-weight: 400;\">Actualmente es profesora del M\u00e1ster de Acceso a la Abogac\u00eda organizado por la Universitat de Girona, el I.C.A.G., el I.C.A.F. y el I.C.A.V.\u00a0 Fue miembro de la Junta de Gobierno del I.C.A.G. desde el a\u00f1o 1.999 hasta el mes de septiembre de 2.005, a\u00f1os durante los cuales fue Presidenta de la Comisi\u00f3n de Derechos Humanos del I.C.A.G. Ha Presidido la Subcomisi\u00f3n de Extranjer\u00eda desde el a\u00f1o 2.000 el mes de enero de 2.012. Ha sido ponente de varias Leyes en el Senado como portavoz en la Comisi\u00f3n\u00a0 de Justicia durante la X Legislatura (2011-2015).<\/span><\/p>\n\t\t\t\t\t\t\t\t<\/div>\n\t\t\t\t<\/div>\n\t\t\t\t<div class=\"elementor-element elementor-element-7eebd92 elementor-view-stacked elementor-shape-square elementor-widget__width-auto elementor-absolute elementor-hidden-phone animated-slow elementor-invisible elementor-widget elementor-widget-icon\" data-id=\"7eebd92\" data-element_type=\"widget\" data-settings=\"{&quot;_position&quot;:&quot;absolute&quot;,&quot;_animation&quot;:&quot;fadeInDown&quot;,&quot;_animation_delay&quot;:&quot;500&quot;}\" data-widget_type=\"icon.default\">\n\t\t\t\t<div class=\"elementor-widget-container\">\n\t\t\t\t\t\t\t<div class=\"elementor-icon-wrapper\">\n\t\t\t<a class=\"elementor-icon\" href=\"#abajo\">\n\t\t\t<svg xmlns=\"http:\/\/www.w3.org\/2000\/svg\" id=\"f25b46f8-6104-47c9-8f1f-d4f0f5a5a4ab\" data-name=\"Layer 1\" viewBox=\"0 0 29.6836 21.0205\"><g id=\"a26fc822-5ffa-4744-a954-69ee883c57fc\" data-name=\"Page-1\"><g id=\"e7225c7b-e0fd-4e80-862e-e0b5dc4817dd\" data-name=\"Homepage\"><g id=\"ff265e74-3d0d-41f0-8578-c6f49acc811d\" data-name=\"Hero-Section\"><g id=\"f51052c6-0c6f-4c17-be34-45f176eaa2d4\" data-name=\"Arrow\"><g id=\"feb9d568-7c65-469c-be1c-4c66f6fe508c\" data-name=\"Group-4\"><g id=\"bc1b2d43-18f4-4c4a-9ddb-f8784f1f793b\" data-name=\"Group-3\"><g id=\"ebcd3d89-a5d2-4028-bcf3-30228da45525\" data-name=\"Path-5\"><polygon points=\"14.63 21.021 0 10.824 0.572 10.004 14.638 19.808 29.123 10 29.684 10.828 14.63 21.021\"><\/polygon><\/g><\/g><g id=\"b8abb5e9-6116-405e-a9bd-8494dc15aaf6\" data-name=\"Group-3-Copy\"><g id=\"b94158a1-d237-43ab-9444-47634c5b7092\" data-name=\"Path-5\"><polygon points=\"14.63 11.021 0 0.824 0.572 0.004 14.638 9.808 29.123 0 29.684 0.828 14.63 11.021\"><\/polygon><\/g><\/g><\/g><\/g><\/g><\/g><\/g><\/svg>\t\t\t<\/a>\n\t\t<\/div>\n\t\t\t\t\t\t<\/div>\n\t\t\t\t<\/div>\n\t\t\t\t\t<\/div>\n\t\t<\/div>\n\t\t\t\t<div class=\"elementor-column elementor-col-50 elementor-top-column elementor-element elementor-element-d65aea3\" data-id=\"d65aea3\" data-element_type=\"column\" data-settings=\"{&quot;background_background&quot;:&quot;classic&quot;}\">\n\t\t\t<div class=\"elementor-widget-wrap elementor-element-populated\">\n\t\t\t\t\t\t<div class=\"elementor-element elementor-element-4384de8e elementor-widget elementor-widget-spacer\" data-id=\"4384de8e\" data-element_type=\"widget\" data-widget_type=\"spacer.default\">\n\t\t\t\t<div class=\"elementor-widget-container\">\n\t\t\t\t\t\t\t<div class=\"elementor-spacer\">\n\t\t\t<div class=\"elementor-spacer-inner\"><\/div>\n\t\t<\/div>\n\t\t\t\t\t\t<\/div>\n\t\t\t\t<\/div>\n\t\t\t\t\t<\/div>\n\t\t<\/div>\n\t\t\t\t\t<\/div>\n\t\t<\/section>\n\t\t\t\t<section class=\"elementor-section elementor-top-section elementor-element elementor-element-353841c elementor-section-content-middle elementor-section-boxed elementor-section-height-default elementor-section-height-default\" data-id=\"353841c\" data-element_type=\"section\" data-settings=\"{&quot;background_background&quot;:&quot;classic&quot;}\">\n\t\t\t\t\t\t<div class=\"elementor-container elementor-column-gap-default\">\n\t\t\t\t\t<div class=\"elementor-column elementor-col-100 elementor-top-column elementor-element elementor-element-9e08404\" data-id=\"9e08404\" data-element_type=\"column\">\n\t\t\t<div class=\"elementor-widget-wrap elementor-element-populated\">\n\t\t\t\t\t\t<div class=\"elementor-element elementor-element-a6fcbc1 elementor-widget elementor-widget-menu-anchor\" data-id=\"a6fcbc1\" data-element_type=\"widget\" data-widget_type=\"menu-anchor.default\">\n\t\t\t\t<div class=\"elementor-widget-container\">\n\t\t\t\t\t\t\t<div class=\"elementor-menu-anchor\" id=\"abajo\"><\/div>\n\t\t\t\t\t\t<\/div>\n\t\t\t\t<\/div>\n\t\t\t\t<div class=\"elementor-element elementor-element-c52c037 elementor-widget elementor-widget-heading\" data-id=\"c52c037\" data-element_type=\"widget\" data-widget_type=\"heading.default\">\n\t\t\t\t<div class=\"elementor-widget-container\">\n\t\t\t\t\t<h2 class=\"elementor-heading-title elementor-size-default\">Asesoramiento, acompa\u00f1amiento y representaci\u00f3n<\/h2>\t\t\t\t<\/div>\n\t\t\t\t<\/div>\n\t\t\t\t\t<\/div>\n\t\t<\/div>\n\t\t\t\t\t<\/div>\n\t\t<\/section>\n\t\t\t\t<section class=\"elementor-section elementor-top-section elementor-element elementor-element-f3811a7 elementor-section-boxed elementor-section-height-default elementor-section-height-default\" data-id=\"f3811a7\" data-element_type=\"section\" data-settings=\"{&quot;background_background&quot;:&quot;classic&quot;}\">\n\t\t\t\t\t\t<div class=\"elementor-container elementor-column-gap-default\">\n\t\t\t\t\t<div class=\"elementor-column elementor-col-100 elementor-top-column elementor-element elementor-element-9e1c743\" data-id=\"9e1c743\" data-element_type=\"column\">\n\t\t\t<div class=\"elementor-widget-wrap elementor-element-populated\">\n\t\t\t\t\t\t<div class=\"elementor-element elementor-element-b8d8c97 elementor-cta--layout-image-left elementor-cta--mobile-layout-image-above elementor-cta--skin-classic elementor-animated-content elementor-bg-transform elementor-bg-transform-zoom-in elementor-widget elementor-widget-call-to-action\" data-id=\"b8d8c97\" data-element_type=\"widget\" data-widget_type=\"call-to-action.default\">\n\t\t\t\t<div class=\"elementor-widget-container\">\n\t\t\t\t\t\t\t<div class=\"elementor-cta\">\n\t\t\t\t\t<div class=\"elementor-cta__bg-wrapper\">\n\t\t\t\t<div class=\"elementor-cta__bg elementor-bg\" style=\"background-image: url(https:\/\/estrangeria-advocats.com\/wp-content\/uploads\/2021\/06\/estrangeria-advocats-equip-1-1024x620.jpg);\" role=\"img\" aria-label=\"estrangeria-advocats-equip\"><\/div>\n\t\t\t\t<div class=\"elementor-cta__bg-overlay\"><\/div>\n\t\t\t<\/div>\n\t\t\t\t\t\t\t<div class=\"elementor-cta__content\">\n\t\t\t\t\n\t\t\t\t\t\t\t\t\t<h2 class=\"elementor-cta__title elementor-cta__content-item elementor-content-item\">\n\t\t\t\t\t\tAsesoramiento, acompa\u00f1amiento y\/o representaci\u00f3n de los clientes ante la Administraci\u00f3n:\t\t\t\t\t<\/h2>\n\t\t\t\t\n\t\t\t\t\t\t\t\t\t<div class=\"elementor-cta__description elementor-cta__content-item elementor-content-item\">\n\t\t\t\t\t\t<p align=\"justify\">Oficina de Extranjer\u00eda de la Subdelegaci\u00f3n del Gobierno, Comisar\u00edas de Polic\u00eda Nacional, Departamento de Trabajo, Asuntos Sociales y Familias de la Generalidad de Catalu\u00f1a y el Ministerio de Justicia para las solicitudes de Nacionalidad Espa\u00f1ola. Representaci\u00f3n de los clientes ante los Juzgados de lo Contencioso-Administrativo, Tribunal Superior de Justicia de Catalu\u00f1a, Tribunal Superior de Justicia de Madrid -denegaciones de visados- y Audiencia Nacional -denegaciones de solicitudes de nacionalidad-.<\/p>\n\t\t\t\t\t<\/div>\n\t\t\t\t\n\t\t\t\t\t\t\t<\/div>\n\t\t\t\t\t\t<\/div>\n\t\t\t\t\t\t<\/div>\n\t\t\t\t<\/div>\n\t\t\t\t\t<\/div>\n\t\t<\/div>\n\t\t\t\t\t<\/div>\n\t\t<\/section>\n\t\t\t\t<section class=\"elementor-section elementor-top-section elementor-element elementor-element-1e8f0de elementor-section-boxed elementor-section-height-default elementor-section-height-default\" data-id=\"1e8f0de\" data-element_type=\"section\" data-settings=\"{&quot;background_background&quot;:&quot;classic&quot;}\">\n\t\t\t\t\t\t<div class=\"elementor-container elementor-column-gap-default\">\n\t\t\t\t\t<div class=\"elementor-column elementor-col-33 elementor-top-column elementor-element elementor-element-914cace\" data-id=\"914cace\" data-element_type=\"column\">\n\t\t\t<div class=\"elementor-widget-wrap\">\n\t\t\t\t\t\t\t<\/div>\n\t\t<\/div>\n\t\t\t\t<div class=\"elementor-column elementor-col-33 elementor-top-column elementor-element elementor-element-df69e3a\" data-id=\"df69e3a\" data-element_type=\"column\">\n\t\t\t<div class=\"elementor-widget-wrap elementor-element-populated\">\n\t\t\t\t\t\t<div class=\"elementor-element elementor-element-201cda2 elementor-align-center elementor-widget elementor-widget-button\" data-id=\"201cda2\" data-element_type=\"widget\" data-widget_type=\"button.default\">\n\t\t\t\t<div class=\"elementor-widget-container\">\n\t\t\t\t\t\t\t\t\t<div class=\"elementor-button-wrapper\">\n\t\t\t\t\t<a class=\"elementor-button elementor-button-link elementor-size-xl elementor-animation-pop\" href=\"https:\/\/www.linkedin.com\/in\/maria-rieradevall-i-tarr%C3%A9s-a97a712a\/\" target=\"_blank\">\n\t\t\t\t\t\t<span class=\"elementor-button-content-wrapper\">\n\t\t\t\t\t\t<span class=\"elementor-button-icon\">\n\t\t\t\t<i aria-hidden=\"true\" class=\"fab fa-linkedin\"><\/i>\t\t\t<\/span>\n\t\t\t\t\t\t\t\t\t<span class=\"elementor-button-text\">Visita mi perfil<\/span>\n\t\t\t\t\t<\/span>\n\t\t\t\t\t<\/a>\n\t\t\t\t<\/div>\n\t\t\t\t\t\t\t\t<\/div>\n\t\t\t\t<\/div>\n\t\t\t\t\t<\/div>\n\t\t<\/div>\n\t\t\t\t<div class=\"elementor-column elementor-col-33 elementor-top-column elementor-element elementor-element-e93a9b9\" data-id=\"e93a9b9\" data-element_type=\"column\">\n\t\t\t<div class=\"elementor-widget-wrap\">\n\t\t\t\t\t\t\t<\/div>\n\t\t<\/div>\n\t\t\t\t\t<\/div>\n\t\t<\/section>\n\t\t\t\t<\/div>\n\t\t","protected":false},"excerpt":{"rendered":"<p>Maria Rieradevall y Tarr\u00e9s Abogada Col. N\u00fam. 2.058 I.C.A.G. Abogada fundadora. D\u00f1a. Maria Rieradevall y Tarr\u00e9s, Abogada Colegiada n\u00fam. 2058 en el Ilustre Colegio de Abogados de Girona (I.C.A.G.) desde julio del 1.997, es la fundadora del bufete. Licenciada en Derecho por la Facultad de Ciencias Jur\u00eddico-Econ\u00f3micas de la Universitat de Girona, fue coordinadora y [&hellip;]<\/p>\n","protected":false},"author":1,"featured_media":0,"parent":0,"menu_order":0,"comment_status":"closed","ping_status":"closed","template":"elementor_header_footer","meta":{"footnotes":""},"class_list":["post-2388","page","type-page","status-publish","hentry"],"yoast_head":"<!-- This site is optimized with the Yoast SEO plugin v25.5 - https:\/\/yoast.com\/wordpress\/plugins\/seo\/ -->\n<title>Equipo - Estrangeria Advocats<\/title>\n<meta name=\"robots\" content=\"index, follow, max-snippet:-1, max-image-preview:large, max-video-preview:-1\" \/>\n<link rel=\"canonical\" href=\"https:\/\/estrangeria-advocats.com\/es\/equipo\/\" \/>\n<meta property=\"og:locale\" content=\"es_ES\" \/>\n<meta property=\"og:type\" content=\"article\" \/>\n<meta property=\"og:title\" content=\"Equipo - Estrangeria Advocats\" \/>\n<meta property=\"og:description\" content=\"Maria Rieradevall y Tarr\u00e9s Abogada Col. N\u00fam. 2.058 I.C.A.G. Abogada fundadora. D\u00f1a. Maria Rieradevall y Tarr\u00e9s, Abogada Colegiada n\u00fam. 2058 en el Ilustre Colegio de Abogados de Girona (I.C.A.G.) desde julio del 1.997, es la fundadora del bufete. Licenciada en Derecho por la Facultad de Ciencias Jur\u00eddico-Econ\u00f3micas de la Universitat de Girona, fue coordinadora y [&hellip;]\" \/>\n<meta property=\"og:url\" content=\"https:\/\/estrangeria-advocats.com\/es\/equipo\/\" \/>\n<meta property=\"og:site_name\" content=\"Estrangeria Advocats\" \/>\n<meta property=\"article:modified_time\" content=\"2021-09-02T13:51:40+00:00\" \/>\n<meta name=\"twitter:card\" content=\"summary_large_image\" \/>\n<meta name=\"twitter:label1\" content=\"Tiempo de lectura\" \/>\n\t<meta name=\"twitter:data1\" content=\"2 minutos\" \/>\n<script type=\"application\/ld+json\" class=\"yoast-schema-graph\">{\"@context\":\"https:\/\/schema.org\",\"@graph\":[{\"@type\":\"WebPage\",\"@id\":\"https:\/\/estrangeria-advocats.com\/es\/equipo\/\",\"url\":\"https:\/\/estrangeria-advocats.com\/es\/equipo\/\",\"name\":\"Equipo - Estrangeria Advocats\",\"isPartOf\":{\"@id\":\"https:\/\/estrangeria-advocats.com\/#website\"},\"datePublished\":\"2021-06-02T10:38:23+00:00\",\"dateModified\":\"2021-09-02T13:51:40+00:00\",\"breadcrumb\":{\"@id\":\"https:\/\/estrangeria-advocats.com\/es\/equipo\/#breadcrumb\"},\"inLanguage\":\"es\",\"potentialAction\":[{\"@type\":\"ReadAction\",\"target\":[\"https:\/\/estrangeria-advocats.com\/es\/equipo\/\"]}]},{\"@type\":\"BreadcrumbList\",\"@id\":\"https:\/\/estrangeria-advocats.com\/es\/equipo\/#breadcrumb\",\"itemListElement\":[{\"@type\":\"ListItem\",\"position\":1,\"name\":\"Portada\",\"item\":\"https:\/\/estrangeria-advocats.com\/\"},{\"@type\":\"ListItem\",\"position\":2,\"name\":\"Equipo\"}]},{\"@type\":\"WebSite\",\"@id\":\"https:\/\/estrangeria-advocats.com\/#website\",\"url\":\"https:\/\/estrangeria-advocats.com\/\",\"name\":\"Estrangeria Advocats\",\"description\":\"\",\"publisher\":{\"@id\":\"https:\/\/estrangeria-advocats.com\/#organization\"},\"potentialAction\":[{\"@type\":\"SearchAction\",\"target\":{\"@type\":\"EntryPoint\",\"urlTemplate\":\"https:\/\/estrangeria-advocats.com\/?s={search_term_string}\"},\"query-input\":{\"@type\":\"PropertyValueSpecification\",\"valueRequired\":true,\"valueName\":\"search_term_string\"}}],\"inLanguage\":\"es\"},{\"@type\":\"Organization\",\"@id\":\"https:\/\/estrangeria-advocats.com\/#organization\",\"name\":\"Estrangeria Advocats\",\"url\":\"https:\/\/estrangeria-advocats.com\/\",\"logo\":{\"@type\":\"ImageObject\",\"inLanguage\":\"es\",\"@id\":\"https:\/\/estrangeria-advocats.com\/#\/schema\/logo\/image\/\",\"url\":\"https:\/\/estrangeria-advocats.com\/wp-content\/uploads\/2021\/06\/cropped-cropped-logo-estrangeria-advocats-1-1.jpg\",\"contentUrl\":\"https:\/\/estrangeria-advocats.com\/wp-content\/uploads\/2021\/06\/cropped-cropped-logo-estrangeria-advocats-1-1.jpg\",\"width\":172,\"height\":74,\"caption\":\"Estrangeria Advocats\"},\"image\":{\"@id\":\"https:\/\/estrangeria-advocats.com\/#\/schema\/logo\/image\/\"}}]}<\/script>\n<!-- \/ Yoast SEO plugin. -->","yoast_head_json":{"title":"Equipo - Estrangeria Advocats","robots":{"index":"index","follow":"follow","max-snippet":"max-snippet:-1","max-image-preview":"max-image-preview:large","max-video-preview":"max-video-preview:-1"},"canonical":"https:\/\/estrangeria-advocats.com\/es\/equipo\/","og_locale":"es_ES","og_type":"article","og_title":"Equipo - Estrangeria Advocats","og_description":"Maria Rieradevall y Tarr\u00e9s Abogada Col. N\u00fam. 2.058 I.C.A.G. Abogada fundadora. D\u00f1a. Maria Rieradevall y Tarr\u00e9s, Abogada Colegiada n\u00fam. 2058 en el Ilustre Colegio de Abogados de Girona (I.C.A.G.) desde julio del 1.997, es la fundadora del bufete. Licenciada en Derecho por la Facultad de Ciencias Jur\u00eddico-Econ\u00f3micas de la Universitat de Girona, fue coordinadora y [&hellip;]","og_url":"https:\/\/estrangeria-advocats.com\/es\/equipo\/","og_site_name":"Estrangeria Advocats","article_modified_time":"2021-09-02T13:51:40+00:00","twitter_card":"summary_large_image","twitter_misc":{"Tiempo de lectura":"2 minutos"},"schema":{"@context":"https:\/\/schema.org","@graph":[{"@type":"WebPage","@id":"https:\/\/estrangeria-advocats.com\/es\/equipo\/","url":"https:\/\/estrangeria-advocats.com\/es\/equipo\/","name":"Equipo - Estrangeria Advocats","isPartOf":{"@id":"https:\/\/estrangeria-advocats.com\/#website"},"datePublished":"2021-06-02T10:38:23+00:00","dateModified":"2021-09-02T13:51:40+00:00","breadcrumb":{"@id":"https:\/\/estrangeria-advocats.com\/es\/equipo\/#breadcrumb"},"inLanguage":"es","potentialAction":[{"@type":"ReadAction","target":["https:\/\/estrangeria-advocats.com\/es\/equipo\/"]}]},{"@type":"BreadcrumbList","@id":"https:\/\/estrangeria-advocats.com\/es\/equipo\/#breadcrumb","itemListElement":[{"@type":"ListItem","position":1,"name":"Portada","item":"https:\/\/estrangeria-advocats.com\/"},{"@type":"ListItem","position":2,"name":"Equipo"}]},{"@type":"WebSite","@id":"https:\/\/estrangeria-advocats.com\/#website","url":"https:\/\/estrangeria-advocats.com\/","name":"Estrangeria Advocats","description":"","publisher":{"@id":"https:\/\/estrangeria-advocats.com\/#organization"},"potentialAction":[{"@type":"SearchAction","target":{"@type":"EntryPoint","urlTemplate":"https:\/\/estrangeria-advocats.com\/?s={search_term_string}"},"query-input":{"@type":"PropertyValueSpecification","valueRequired":true,"valueName":"search_term_string"}}],"inLanguage":"es"},{"@type":"Organization","@id":"https:\/\/estrangeria-advocats.com\/#organization","name":"Estrangeria Advocats","url":"https:\/\/estrangeria-advocats.com\/","logo":{"@type":"ImageObject","inLanguage":"es","@id":"https:\/\/estrangeria-advocats.com\/#\/schema\/logo\/image\/","url":"https:\/\/estrangeria-advocats.com\/wp-content\/uploads\/2021\/06\/cropped-cropped-logo-estrangeria-advocats-1-1.jpg","contentUrl":"https:\/\/estrangeria-advocats.com\/wp-content\/uploads\/2021\/06\/cropped-cropped-logo-estrangeria-advocats-1-1.jpg","width":172,"height":74,"caption":"Estrangeria Advocats"},"image":{"@id":"https:\/\/estrangeria-advocats.com\/#\/schema\/logo\/image\/"}}]}},"_links":{"self":[{"href":"https:\/\/estrangeria-advocats.com\/es\/wp-json\/wp\/v2\/pages\/2388","targetHints":{"allow":["GET"]}}],"collection":[{"href":"https:\/\/estrangeria-advocats.com\/es\/wp-json\/wp\/v2\/pages"}],"about":[{"href":"https:\/\/estrangeria-advocats.com\/es\/wp-json\/wp\/v2\/types\/page"}],"author":[{"embeddable":true,"href":"https:\/\/estrangeria-advocats.com\/es\/wp-json\/wp\/v2\/users\/1"}],"replies":[{"embeddable":true,"href":"https:\/\/estrangeria-advocats.com\/es\/wp-json\/wp\/v2\/comments?post=2388"}],"version-history":[{"count":0,"href":"https:\/\/estrangeria-advocats.com\/es\/wp-json\/wp\/v2\/pages\/2388\/revisions"}],"wp:attachment":[{"href":"https:\/\/estrangeria-advocats.com\/es\/wp-json\/wp\/v2\/media?parent=2388"}],"curies":[{"name":"wp","href":"https:\/\/api.w.org\/{rel}","templated":true}]}}