{"id":2894,"date":"2021-06-04T10:34:18","date_gmt":"2021-06-04T10:34:18","guid":{"rendered":"http:\/\/novaweb.estrangeria-advocats.com\/politica-de-cookies\/"},"modified":"2021-09-02T13:13:30","modified_gmt":"2021-09-02T13:13:30","slug":"politica-de-cookies","status":"publish","type":"page","link":"https:\/\/estrangeria-advocats.com\/es\/politica-de-cookies\/","title":{"rendered":"Pol\u00edtica de cookies"},"content":{"rendered":"\t\t<div data-elementor-type=\"wp-page\" data-elementor-id=\"2894\" class=\"elementor elementor-2894 elementor-2856\" data-elementor-post-type=\"page\">\n\t\t\t\t\t\t<section class=\"elementor-section elementor-top-section elementor-element elementor-element-8030db7 elementor-section-boxed elementor-section-height-default elementor-section-height-default\" data-id=\"8030db7\" data-element_type=\"section\">\n\t\t\t\t\t\t<div class=\"elementor-container elementor-column-gap-default\">\n\t\t\t\t\t<div class=\"elementor-column elementor-col-100 elementor-top-column elementor-element elementor-element-cbb4839\" data-id=\"cbb4839\" data-element_type=\"column\">\n\t\t\t<div class=\"elementor-widget-wrap elementor-element-populated\">\n\t\t\t\t\t\t<div class=\"elementor-element elementor-element-f7ac566 elementor-widget elementor-widget-heading\" data-id=\"f7ac566\" data-element_type=\"widget\" data-widget_type=\"heading.default\">\n\t\t\t\t<div class=\"elementor-widget-container\">\n\t\t\t\t\t<h2 class=\"elementor-heading-title elementor-size-default\">Pol\u00edtica de cookies<\/h2>\t\t\t\t<\/div>\n\t\t\t\t<\/div>\n\t\t\t\t<div class=\"elementor-element elementor-element-0a89908 elementor-widget elementor-widget-text-editor\" data-id=\"0a89908\" data-element_type=\"widget\" data-widget_type=\"text-editor.default\">\n\t\t\t\t<div class=\"elementor-widget-container\">\n\t\t\t\t\t\t\t\t\t<p>Nuestro sitio web utiliza una tecnolog\u00eda llamada \u00abcookie\u00bb, con el fin de poder obtener informaci\u00f3n sobre el uso del sitio web, mejorar la experiencia del usuario y garantizar el su correcto funcionamiento.<\/p><p><strong>\u00a0<\/strong><\/p><p><strong>Definici\u00f3n de Cookie<\/strong><\/p><p>Una \u00abcookie\u00bb es un peque\u00f1o fragmento de texto que los sitios web env\u00edan al navegador y que se almacenan en el terminal del usuario, (ordenador o dispositivo m\u00f3vil). Estos archivos tienen la finalidad de almacenar datos que podr\u00e1n ser actualizados y recuperadas por la entidad responsable de su instalaci\u00f3n. As\u00ed, cada vez que el usuario vuelve a visitar el mismo sitio web, el explorador recupera el archivo y lo env\u00eda al servidor del sitio web. Las cookies tienen varias funciones entre las que se incluyen, la de recoger informaci\u00f3n sobre las preferencias del usuario y recordarla, y en general, facilitar el uso del sitio web al usuario haciendo que el sitio sea m\u00e1s \u00fatil al personalizar su contenido.<\/p><p>Las cookies se pueden clasificar en base a diferentes par\u00e1metros:<\/p><ol><li><strong> &#8211; Titularidad:<\/strong> <u>cookies propias y cookies de terceros:<\/u> dependiendo de cu\u00e1l sea la entidad que gestione el dominio desde donde se env\u00edan las cookies y se traten los datos que se obtengan.<\/li><li><strong> &#8211; Duraci\u00f3n:<\/strong> <u>cookies de sesi\u00f3n y cookies persistentes:<\/u> de acuerdo con el plazo de tiempo que permanecen almacenadas en el terminal del usuario.<\/li><li><strong> &#8211; Finalidad:<\/strong> <u>cookies t\u00e9cnicas, cookies de personalizaci\u00f3n, cookies de an\u00e1lisis, cookies publicitarias, cookies de publicidad comportamental,<\/u> de acuerdo con la finalidad para la que se traten los datos obtenidos.<\/li><\/ol><ul><li><u>Cookies t\u00e9cnicas:<\/u> Son aquellas que permiten al usuario la navegaci\u00f3n a trav\u00e9s de la p\u00e1gina web o aplicaci\u00f3n y la utilizaci\u00f3n de las diferentes opciones o servicios que en ella existen. Por ejemplo, controlar el tr\u00e1fico y la comunicaci\u00f3n de datos, identificar la sesi\u00f3n o acceder a las partes web de acceso restringido.<\/li><li><u>Cookies de personalizaci\u00f3n<\/u>: Son aquellas que permiten al usuario acceder al servicio con algunas caracter\u00edsticas de car\u00e1cter general predefinidas en su terminal o que el propio usuario defina. Por ejemplo, el idioma, el tipo de navegador a trav\u00e9s del cual accede al servicio o el dise\u00f1o de contenidos seleccionado.<\/li><li><u>Cookies de an\u00e1lisis<\/u>: Son aquellas que o bien tratadas por nosotros o por terceros, nos permiten cuantificar el n\u00famero de usuarios y as\u00ed realizar el an\u00e1lisis estad\u00edstico de la utilizaci\u00f3n que hacen los usuarios del servicio ofrecido. Para ello se analiza su navegaci\u00f3n en nuestra p\u00e1gina web para mejorar la oferta de productos o servicios que le ofrecemos.<\/li><li><u>Cookies publicitarias:<\/u> Son aquellas que permiten la gesti\u00f3n, de la forma m\u00e1s eficaz posible, los espacios publicitarios que, en su caso, el editor haya incluido en una p\u00e1gina web, aplicaci\u00f3n o plataforma desde la que presta el servicio solicitado sobre la base de criterios como el contenido editado o la frecuencia en a que se muestran los anuncios.<\/li><li><u>Cookies de publicidad comportamental:<\/u> Son aquellas que permiten la gesti\u00f3n, de la manera m\u00e1s eficaz posible, de los espacios publicitarios que, en su caso, el editor haya incluido en una p\u00e1gina web, aplicaci\u00f3n o plataforma desde la que presta el servicio solicitado. Estas cookies almacenan informaci\u00f3n del comportamiento de los usuarios obtenida a trav\u00e9s de la observaci\u00f3n continuada de sus h\u00e1bitos de navegaci\u00f3n, lo que permite desarrollar un perfil espec\u00edfico para mostrar publicidad en funci\u00f3n del mismo.<\/li><\/ul><p><strong>\u00a0<\/strong><\/p><p><strong>Cookies utilizadas en nuestro sitio web<\/strong><\/p><p>Nuestro sitio web utiliza tanto cookies propias, que son las enviadas a su ordenador y gestionadas exclusivamente por nosotros para el mejor funcionamiento del sitio web, como cookies de terceros, con la funci\u00f3n de servirnos como herramienta de an\u00e1lisis de la interacci\u00f3n los usuarios con nuestra web, gracias a ellas obtenemos una informaci\u00f3n que puede ayudar a mejorar la navegaci\u00f3n y dar un mejor servicio a los usuarios y clientes.<\/p><p>\u00a0<\/p><p>Nuestro sitio web utiliza tanto cookies temporales de sesi\u00f3n, como cookies persistentes. Las cookies de sesi\u00f3n almacenan datos \u00fanicamente mientras el usuario accede a la web y las cookies persistentes almacenan los datos en el terminal para que sean accedidas y utilizadas en m\u00e1s de una sesi\u00f3n.<\/p><p><strong>\u00a0<\/strong><\/p><p>Concretamente las cookies utilizadas en nuestro sitio web son:<\/p><p>\u00a0<\/p><p><strong>\u00a0\u00a0\u00a0\u00a0\u00a0\u00a0\u00a0\u00a0\u00a0\u00a0\u00a0 Cookies propias:<\/strong><\/p><p>Las cookies propias que utilizamos en nuestro sitio web son de car\u00e1cter t\u00e9cnico referentes a la programaci\u00f3n y la seguridad de la navegaci\u00f3n, fundamentales para el funcionamiento de la web, y tambi\u00e9n de personalizaci\u00f3n para recordar la elecci\u00f3n del idioma de navegaci\u00f3n.<\/p><p><strong>\u00a0<\/strong><\/p><p><strong>Cookies de terceros:<\/strong><\/p><table width=\"113%\"><tbody><tr><td width=\"13%\"><p><strong>Nombre<\/strong><\/p><\/td><td width=\"14%\"><p><strong>T<\/strong><strong>itular<\/strong><\/p><\/td><td width=\"54%\"><p><strong>Finalidad<\/strong><\/p><\/td><td width=\"17%\"><p><strong>Duraci\u00f3n<\/strong><\/p><\/td><\/tr><tr><td width=\"13%\"><p>_ga<\/p><p>_gid<\/p><p>_gat<\/p><\/td><td width=\"14%\"><p>\u00a0<\/p><p><a href=\"https:\/\/developers.google.com\/analytics\/devguides\/collection\/analyticsjs\/cookie-usage?hl=es\">Google LLC.<\/a><\/p><p>(Google Analytics)<\/p><\/td><td width=\"54%\"><p><strong>Anal\u00edticas:<\/strong><\/p><ul><li>Generar un identificador de usuario \u00fanico, que es el que se utiliza para hacer recuento de cu\u00e1ntas veces visita el sitio un usuario, as\u00ed como la fecha de la primera y la \u00faltima vez que visit\u00f3 la web.<\/li><li>Registrar la fecha y hora de acceso.<\/li><li>Comprobar la necesidad de mantener la sesi\u00f3n de un usuario abierta o crear una nueva.<\/li><li>Identificar la sesi\u00f3n del usuario, para recoger la ubicaci\u00f3n geogr\u00e1fica aproximada del ordenador que accede a la web con efectos estad\u00edsticos.<\/li><\/ul><\/td><td width=\"17%\"><p>_ga:\u00a0\u00a0\u00a0 2 a\u00f1os<\/p><p>_gid:\u00a0 24 horas<\/p><p>\u00a0 _gat:\u00a0\u00a0 1 minuto<\/p><\/td><\/tr><tr><td width=\"13%\"><p>NID<\/p><p>\u00a0<\/p><\/td><td width=\"14%\"><p><a href=\"https:\/\/developers.google.com\/analytics\/devguides\/collection\/analyticsjs\/cookie-usage?hl=es\">Google LLC.<\/a><\/p><p>(Google Analytics)<\/p><\/td><td width=\"54%\"><p><strong>\u00a0<\/strong><\/p><ul><li>Almacenan preferencias del usuario.<\/li><\/ul><p><strong>\u00a0<\/strong><\/p><\/td><td width=\"17%\"><p>1 a\u00f1o<\/p><\/td><\/tr><tr><td width=\"13%\"><p>IDE<\/p><\/td><td width=\"14%\"><p>\u00a0<\/p><p><a href=\"https:\/\/www.google.es\/intl\/es\/policies\/technologies\/types\/\">Google LLC.<\/a><\/p><p>(doubledlick.net)<\/p><\/td><td width=\"54%\"><p>\u00a0<\/p><ul><li>Utilizado por Google DoubleClick para registrar e informar las acciones del usuario del sitio web despu\u00e9s de ver o hacer clic en uno de los anuncios del anunciante con el fin de medir la eficacia de un anuncio y presentar anuncios dirigidos al usuario.<\/li><\/ul><p>\u00a0<\/p><\/td><td width=\"17%\"><p>1 a\u00f1o<\/p><\/td><\/tr><tr><td width=\"13%\"><p>VISITOR_INFO1_LIVE<\/p><p>YSC<\/p><p>CONSENT<\/p><\/td><td width=\"14%\"><p><a href=\"https:\/\/www.google.es\/intl\/es\/policies\/technologies\/types\/\">Google LLC.<\/a><\/p><p>(Youtube)<\/p><\/td><td width=\"54%\"><p>\u00a0<\/p><ul><li>Almacenan preferencias del usuario, identific\u00e1ndolo durante la visualizaci\u00f3n de los videos de youtube.<\/li><\/ul><p>\u00a0<\/p><\/td><td width=\"17%\"><p>VISITOR_INFO1_LIVE: 9 meses<\/p><p>YSC: 1 minuto<\/p><p>CONSENT: 17 a\u00f1os<\/p><\/td><\/tr><\/tbody><\/table><p>\u00a0<\/p><p>Para obtener m\u00e1s informaci\u00f3n sobre las cookies de este tercero puede clicar sobre el enlace que hay en su nombre.<\/p><p>\u00a0<\/p><p>Finalmente, tambi\u00e9n se utilizan cookies de complemento (plug-in) para intercambiar contenidos sociales.<\/p><p>\u00a0<\/p><p><strong>Consentimiento<\/strong><\/p><p>El consentimiento para el uso de las cookies antes enunciadas, por los plazos se\u00f1alados y en las condiciones contenidas en la presente Pol\u00edtica de Cookies, se obtendr\u00e1 en la forma especificada en el aviso inicial de informaci\u00f3n sobre las cookies que se puede visualizar en el momento en que carga nuestra web.<\/p><p>\u00a0<\/p><p><strong>Retirada del consentimiento<\/strong><\/p><p>El usuario podr\u00e1 retirar en cualquier momento su consentimiento relacionado con esta Pol\u00edtica sobre Cookies, para ello tendr\u00e1 que eliminar las cookies almacenadas en su equipo utilizando los ajustes y configuraciones de su navegador de Internet.<\/p><p>\u00a0<\/p><p><strong><u>Panel de configuraci\u00f3n de las cookies<\/u><\/strong><\/p><p><strong>\u00a0<\/strong><\/p><p><strong>\u00bfC\u00f3mo deshabilitar las cookies en los principales navegadores<\/strong>?<\/p><p>Aunque puede variar ligeramente de una versi\u00f3n de navegador a otra, la configuraci\u00f3n de la pol\u00edtica de cookies para los navegadores m\u00e1s utilizados es la siguiente:<\/p><ul><li><strong>Internet Explorer:<\/strong>\u00a0Herramientas -&gt; Opciones de Internet -&gt; Privacidad -&gt; Configuraci\u00f3n.<\/li><li><strong>Firefox:<\/strong>\u00a0Herramientas -&gt; Opciones -&gt; Privacidad -&gt; Historial -&gt; Configuraci\u00f3n Personalizada.<\/li><li><strong>Chrome:<\/strong>\u00a0Configuraci\u00f3n -&gt; Mostrar opciones avanzadas -&gt; Privacidad -&gt; Configuraci\u00f3n de contenido.<\/li><li><strong>Safari:<\/strong>\u00a0Preferencias -&gt; Seguridad.<\/li><li><strong>Opera:<\/strong>\u00a0Configuraci\u00f3n -&gt; Privacidad y seguridad.<\/li><\/ul><p>\u00a0<\/p><p>Para m\u00e1s informaci\u00f3n, puede consultar el soporte o la ayuda de su navegador o a trav\u00e9s de los siguientes enlaces:\u00a0<strong><a href=\"https:\/\/support.apple.com\/kb\/ph17191?locale=es_ES\">Safari<\/a><\/strong><strong><u>,\u00a0<a href=\"https:\/\/support.google.com\/chrome\/answer\/95647?hl=es\">Chrome<\/a>,\u00a0<a href=\"https:\/\/support.mozilla.org\/es\/kb\/habilitar-y-deshabilitar-cookies-sitios-web-rastrear-preferencias?redirectlocale=es&amp;redirectslug=habilitar-y-deshabilitar-cookies-que-los-sitios-we\">Firefox<\/a>,\u00a0<a href=\"https:\/\/support.microsoft.com\/es-es\/help\/17442\/windows-internet-explorer-delete-manage-cookies\">Explorer<\/a>,\u00a0<a href=\"http:\/\/help.opera.com\/Windows\/11.50\/es-ES\/cookies.html\">Opera<\/a>.<\/u><\/strong><\/p><p>\u00a0<\/p><p>Adem\u00e1s, tambi\u00e9n puede gestionar el almac\u00e9n de cookies en su navegador a trav\u00e9s de herramientas como las siguientes:<\/p><ul><li><strong><u>Your <a href=\"http:\/\/www.youronlinechoices.com\/es\/\">online<\/a> choices<\/u><\/strong><\/li><li><strong><a href=\"http:\/\/www.ghostery.com\/\">Ghostery<\/a><\/strong><\/li><\/ul><p><strong><u>\u00a0<\/u><\/strong><\/p><p><strong>Actualizaci\u00f3n de la pol\u00edtica de cookies<\/strong><\/p><p>Este sitio web puede modificar esta Pol\u00edtica sobre Cookies, por ello le recomendamos revisar esta pol\u00edtica cada vez que acceda a nuestro sitio web para estar adecuadamente informado sobre el uso que hacemos de las cookies.<\/p><p>Septiembre 2021<\/p>\t\t\t\t\t\t\t\t<\/div>\n\t\t\t\t<\/div>\n\t\t\t\t\t<\/div>\n\t\t<\/div>\n\t\t\t\t\t<\/div>\n\t\t<\/section>\n\t\t\t\t<\/div>\n\t\t","protected":false},"excerpt":{"rendered":"<p>Pol\u00edtica de cookies Nuestro sitio web utiliza una tecnolog\u00eda llamada \u00abcookie\u00bb, con el fin de poder obtener informaci\u00f3n sobre el uso del sitio web, mejorar la experiencia del usuario y garantizar el su correcto funcionamiento. \u00a0 Definici\u00f3n de Cookie Una \u00abcookie\u00bb es un peque\u00f1o fragmento de texto que los sitios web env\u00edan al navegador y [&hellip;]<\/p>\n","protected":false},"author":1,"featured_media":0,"parent":0,"menu_order":0,"comment_status":"closed","ping_status":"closed","template":"","meta":{"footnotes":""},"class_list":["post-2894","page","type-page","status-publish","hentry"],"yoast_head":"<!-- This site is optimized with the Yoast SEO plugin v25.5 - https:\/\/yoast.com\/wordpress\/plugins\/seo\/ -->\n<title>Pol\u00edtica de cookies - Estrangeria Advocats<\/title>\n<meta name=\"robots\" content=\"index, follow, max-snippet:-1, max-image-preview:large, max-video-preview:-1\" \/>\n<link rel=\"canonical\" href=\"https:\/\/estrangeria-advocats.com\/es\/politica-de-cookies\/\" \/>\n<meta property=\"og:locale\" content=\"es_ES\" \/>\n<meta property=\"og:type\" content=\"article\" \/>\n<meta property=\"og:title\" content=\"Pol\u00edtica de cookies - Estrangeria Advocats\" \/>\n<meta property=\"og:description\" content=\"Pol\u00edtica de cookies Nuestro sitio web utiliza una tecnolog\u00eda llamada \u00abcookie\u00bb, con el fin de poder obtener informaci\u00f3n sobre el uso del sitio web, mejorar la experiencia del usuario y garantizar el su correcto funcionamiento. \u00a0 Definici\u00f3n de Cookie Una \u00abcookie\u00bb es un peque\u00f1o fragmento de texto que los sitios web env\u00edan al navegador y [&hellip;]\" \/>\n<meta property=\"og:url\" content=\"https:\/\/estrangeria-advocats.com\/es\/politica-de-cookies\/\" \/>\n<meta property=\"og:site_name\" content=\"Estrangeria Advocats\" \/>\n<meta property=\"article:modified_time\" content=\"2021-09-02T13:13:30+00:00\" \/>\n<meta name=\"twitter:card\" content=\"summary_large_image\" \/>\n<meta name=\"twitter:label1\" content=\"Tiempo de lectura\" \/>\n\t<meta name=\"twitter:data1\" content=\"6 minutos\" \/>\n<script type=\"application\/ld+json\" class=\"yoast-schema-graph\">{\"@context\":\"https:\/\/schema.org\",\"@graph\":[{\"@type\":\"WebPage\",\"@id\":\"https:\/\/estrangeria-advocats.com\/es\/politica-de-cookies\/\",\"url\":\"https:\/\/estrangeria-advocats.com\/es\/politica-de-cookies\/\",\"name\":\"Pol\u00edtica de cookies - Estrangeria Advocats\",\"isPartOf\":{\"@id\":\"https:\/\/estrangeria-advocats.com\/#website\"},\"datePublished\":\"2021-06-04T10:34:18+00:00\",\"dateModified\":\"2021-09-02T13:13:30+00:00\",\"breadcrumb\":{\"@id\":\"https:\/\/estrangeria-advocats.com\/es\/politica-de-cookies\/#breadcrumb\"},\"inLanguage\":\"es\",\"potentialAction\":[{\"@type\":\"ReadAction\",\"target\":[\"https:\/\/estrangeria-advocats.com\/es\/politica-de-cookies\/\"]}]},{\"@type\":\"BreadcrumbList\",\"@id\":\"https:\/\/estrangeria-advocats.com\/es\/politica-de-cookies\/#breadcrumb\",\"itemListElement\":[{\"@type\":\"ListItem\",\"position\":1,\"name\":\"Portada\",\"item\":\"https:\/\/estrangeria-advocats.com\/\"},{\"@type\":\"ListItem\",\"position\":2,\"name\":\"Pol\u00edtica de cookies\"}]},{\"@type\":\"WebSite\",\"@id\":\"https:\/\/estrangeria-advocats.com\/#website\",\"url\":\"https:\/\/estrangeria-advocats.com\/\",\"name\":\"Estrangeria Advocats\",\"description\":\"\",\"publisher\":{\"@id\":\"https:\/\/estrangeria-advocats.com\/#organization\"},\"potentialAction\":[{\"@type\":\"SearchAction\",\"target\":{\"@type\":\"EntryPoint\",\"urlTemplate\":\"https:\/\/estrangeria-advocats.com\/?s={search_term_string}\"},\"query-input\":{\"@type\":\"PropertyValueSpecification\",\"valueRequired\":true,\"valueName\":\"search_term_string\"}}],\"inLanguage\":\"es\"},{\"@type\":\"Organization\",\"@id\":\"https:\/\/estrangeria-advocats.com\/#organization\",\"name\":\"Estrangeria Advocats\",\"url\":\"https:\/\/estrangeria-advocats.com\/\",\"logo\":{\"@type\":\"ImageObject\",\"inLanguage\":\"es\",\"@id\":\"https:\/\/estrangeria-advocats.com\/#\/schema\/logo\/image\/\",\"url\":\"https:\/\/estrangeria-advocats.com\/wp-content\/uploads\/2021\/06\/cropped-cropped-logo-estrangeria-advocats-1-1.jpg\",\"contentUrl\":\"https:\/\/estrangeria-advocats.com\/wp-content\/uploads\/2021\/06\/cropped-cropped-logo-estrangeria-advocats-1-1.jpg\",\"width\":172,\"height\":74,\"caption\":\"Estrangeria Advocats\"},\"image\":{\"@id\":\"https:\/\/estrangeria-advocats.com\/#\/schema\/logo\/image\/\"}}]}<\/script>\n<!-- \/ Yoast SEO plugin. -->","yoast_head_json":{"title":"Pol\u00edtica de cookies - Estrangeria Advocats","robots":{"index":"index","follow":"follow","max-snippet":"max-snippet:-1","max-image-preview":"max-image-preview:large","max-video-preview":"max-video-preview:-1"},"canonical":"https:\/\/estrangeria-advocats.com\/es\/politica-de-cookies\/","og_locale":"es_ES","og_type":"article","og_title":"Pol\u00edtica de cookies - Estrangeria Advocats","og_description":"Pol\u00edtica de cookies Nuestro sitio web utiliza una tecnolog\u00eda llamada \u00abcookie\u00bb, con el fin de poder obtener informaci\u00f3n sobre el uso del sitio web, mejorar la experiencia del usuario y garantizar el su correcto funcionamiento. \u00a0 Definici\u00f3n de Cookie Una \u00abcookie\u00bb es un peque\u00f1o fragmento de texto que los sitios web env\u00edan al navegador y [&hellip;]","og_url":"https:\/\/estrangeria-advocats.com\/es\/politica-de-cookies\/","og_site_name":"Estrangeria Advocats","article_modified_time":"2021-09-02T13:13:30+00:00","twitter_card":"summary_large_image","twitter_misc":{"Tiempo de lectura":"6 minutos"},"schema":{"@context":"https:\/\/schema.org","@graph":[{"@type":"WebPage","@id":"https:\/\/estrangeria-advocats.com\/es\/politica-de-cookies\/","url":"https:\/\/estrangeria-advocats.com\/es\/politica-de-cookies\/","name":"Pol\u00edtica de cookies - Estrangeria Advocats","isPartOf":{"@id":"https:\/\/estrangeria-advocats.com\/#website"},"datePublished":"2021-06-04T10:34:18+00:00","dateModified":"2021-09-02T13:13:30+00:00","breadcrumb":{"@id":"https:\/\/estrangeria-advocats.com\/es\/politica-de-cookies\/#breadcrumb"},"inLanguage":"es","potentialAction":[{"@type":"ReadAction","target":["https:\/\/estrangeria-advocats.com\/es\/politica-de-cookies\/"]}]},{"@type":"BreadcrumbList","@id":"https:\/\/estrangeria-advocats.com\/es\/politica-de-cookies\/#breadcrumb","itemListElement":[{"@type":"ListItem","position":1,"name":"Portada","item":"https:\/\/estrangeria-advocats.com\/"},{"@type":"ListItem","position":2,"name":"Pol\u00edtica de cookies"}]},{"@type":"WebSite","@id":"https:\/\/estrangeria-advocats.com\/#website","url":"https:\/\/estrangeria-advocats.com\/","name":"Estrangeria Advocats","description":"","publisher":{"@id":"https:\/\/estrangeria-advocats.com\/#organization"},"potentialAction":[{"@type":"SearchAction","target":{"@type":"EntryPoint","urlTemplate":"https:\/\/estrangeria-advocats.com\/?s={search_term_string}"},"query-input":{"@type":"PropertyValueSpecification","valueRequired":true,"valueName":"search_term_string"}}],"inLanguage":"es"},{"@type":"Organization","@id":"https:\/\/estrangeria-advocats.com\/#organization","name":"Estrangeria Advocats","url":"https:\/\/estrangeria-advocats.com\/","logo":{"@type":"ImageObject","inLanguage":"es","@id":"https:\/\/estrangeria-advocats.com\/#\/schema\/logo\/image\/","url":"https:\/\/estrangeria-advocats.com\/wp-content\/uploads\/2021\/06\/cropped-cropped-logo-estrangeria-advocats-1-1.jpg","contentUrl":"https:\/\/estrangeria-advocats.com\/wp-content\/uploads\/2021\/06\/cropped-cropped-logo-estrangeria-advocats-1-1.jpg","width":172,"height":74,"caption":"Estrangeria Advocats"},"image":{"@id":"https:\/\/estrangeria-advocats.com\/#\/schema\/logo\/image\/"}}]}},"_links":{"self":[{"href":"https:\/\/estrangeria-advocats.com\/es\/wp-json\/wp\/v2\/pages\/2894","targetHints":{"allow":["GET"]}}],"collection":[{"href":"https:\/\/estrangeria-advocats.com\/es\/wp-json\/wp\/v2\/pages"}],"about":[{"href":"https:\/\/estrangeria-advocats.com\/es\/wp-json\/wp\/v2\/types\/page"}],"author":[{"embeddable":true,"href":"https:\/\/estrangeria-advocats.com\/es\/wp-json\/wp\/v2\/users\/1"}],"replies":[{"embeddable":true,"href":"https:\/\/estrangeria-advocats.com\/es\/wp-json\/wp\/v2\/comments?post=2894"}],"version-history":[{"count":0,"href":"https:\/\/estrangeria-advocats.com\/es\/wp-json\/wp\/v2\/pages\/2894\/revisions"}],"wp:attachment":[{"href":"https:\/\/estrangeria-advocats.com\/es\/wp-json\/wp\/v2\/media?parent=2894"}],"curies":[{"name":"wp","href":"https:\/\/api.w.org\/{rel}","templated":true}]}}